{"id":1496,"date":"2019-10-28T02:46:05","date_gmt":"2019-10-28T02:46:05","guid":{"rendered":"https:\/\/chaletsdiane.com\/chasse-guidee\/"},"modified":"2025-03-31T19:00:12","modified_gmt":"2025-03-31T19:00:12","slug":"chasse-guidee","status":"publish","type":"page","link":"https:\/\/chaletsdiane.com\/fr\/chasse-guidee\/","title":{"rendered":"Chasse guid\u00e9e"},"content":{"rendered":"\n\t<section class=\"slick-slider slick-slider-1498\" role=\"banner\" itemscope itemtype=\"http:\/\/schema.org\/ImageGallery\">\n\n\t\t\n\t\t\n\t\t\t\n\t\t\t<figure class=\"slick-slide slick-slide-1\" itemprop=\"associatedMedia\" itemscope itemtype=\"http:\/\/schema.org\/ImageObject\">\n\n\t\t\t\t\n\t\t\t\t<img width=\"724\" height=\"483\" src=\"https:\/\/chaletsdiane.com\/wp-content\/uploads\/2019\/10\/GettyImages-178372858.jpg\" class=\"slick-image\" alt=\"\" loading=\"lazy\" itemprop=\"image\" srcset=\"https:\/\/chaletsdiane.com\/wp-content\/uploads\/2019\/10\/GettyImages-178372858.jpg 724w, https:\/\/chaletsdiane.com\/wp-content\/uploads\/2019\/10\/GettyImages-178372858-300x200.jpg 300w, https:\/\/chaletsdiane.com\/wp-content\/uploads\/2019\/10\/GettyImages-178372858-600x400.jpg 600w\" sizes=\"(max-width: 724px) 100vw, 724px\" \/>\n\t\t\t\t<div class=\"slick-overlay\"><\/div>\n\n\t\t\t\t\n\t\t\t\t<div class=\"slick-wrap\">\n\n\t\t\t\t\t\n\t\t\t\t\t<div class=\"slick-content\" itemprop=\"description\">\n\n\t\t\t\t\t\t<p style=\"text-align: center;font-family: Roboto;font-size: 50px\">Laissez-nous vous aider \u00e0 obtenir<br \/>\nce troph\u00e9e de chasse.<\/p>\n\n\t\t\t\t\t<\/div>\n\n\t\t\t\t\t\n\t\t\t\t<\/div>\n\n\t\t\t\t\n\t\t\t<\/figure>\n\n\t\t\t\n\t\t\n\t<\/section>\n\n\t\n\n\n\n<div class=\"wp-block-atomic-blocks-ab-columns ab-layout-columns-1 one-column\" style=\"padding-top:5%;padding-right:15%;padding-bottom:5%;padding-left:15%\"><div class=\"ab-layout-column-wrap ab-block-layout-column-gap-2 ab-is-responsive-column\">\n<div class=\"wp-block-atomic-blocks-ab-column ab-block-layout-column\"><div class=\"ab-block-layout-column-inner\">\n<p class=\"has-text-color has-huge-font-size\" style=\"color:#739443\">Chasse guid\u00e9e<\/p>\n\n\n\n<p>Laissez-nous vous aider \u00e0 obtenir votre troph\u00e9e de chasse !<\/p>\n\n\n\n<p>La chasse guid\u00e9e est id\u00e9ale pour les chasseurs qui ne connaissent pas la r\u00e9gion et qui souhaitent profiter de l&rsquo;expertise d\u2019un guide. Avec plus de 2 000 km de terres publiques remplies d&rsquo;anciens chemins forestiers, avoir un guide rendra votre chasse plus efficace et augmentera vos chances d&rsquo;obtenir une prise m\u00e9morable. Veuillez r\u00e9server \u00e0 l\u2019avance ! Nos guides sont peu nombreux et tr\u00e8s recherch\u00e9s Nos guides sont peu nombreux et tr\u00e8s recherch\u00e9s.<\/p>\n\n\n\n<p>Les marches, les petits lacs, les clairi\u00e8res et les chemins forestiers offrent des positions parfaites pour la chasse au gibier. Le personnel des Chalets Diane vous guidera et vous placera dans une zone cl\u00e9 pour vous aider \u00e0 chasser avec succ\u00e8s. Ils se chargent \u00e9galement de r\u00e9cup\u00e9rer votre gibier et de le pr\u00e9parer pour votre retour \u00e0 la maison. N&rsquo;oubliez pas d&rsquo;apporter un filet anti-insectes, du ruban adh\u00e9sif et une glaci\u00e8re pour votre viande.<\/p>\n<\/div><\/div>\n<\/div><\/div>\n","protected":false},"excerpt":{"rendered":"","protected":false},"author":1,"featured_media":0,"parent":0,"menu_order":0,"comment_status":"closed","ping_status":"closed","template":"builder.php","meta":{"_genesis_hide_title":false,"_genesis_hide_breadcrumbs":false,"_genesis_hide_singular_image":false,"_genesis_hide_footer_widgets":false,"_genesis_custom_body_class":"","_genesis_custom_post_class":"","_genesis_layout":""},"featured_image_src":null,"featured_image_src_square":null,"_links":{"self":[{"href":"https:\/\/chaletsdiane.com\/fr\/wp-json\/wp\/v2\/pages\/1496"}],"collection":[{"href":"https:\/\/chaletsdiane.com\/fr\/wp-json\/wp\/v2\/pages"}],"about":[{"href":"https:\/\/chaletsdiane.com\/fr\/wp-json\/wp\/v2\/types\/page"}],"author":[{"embeddable":true,"href":"https:\/\/chaletsdiane.com\/fr\/wp-json\/wp\/v2\/users\/1"}],"replies":[{"embeddable":true,"href":"https:\/\/chaletsdiane.com\/fr\/wp-json\/wp\/v2\/comments?post=1496"}],"version-history":[{"count":2,"href":"https:\/\/chaletsdiane.com\/fr\/wp-json\/wp\/v2\/pages\/1496\/revisions"}],"predecessor-version":[{"id":1499,"href":"https:\/\/chaletsdiane.com\/fr\/wp-json\/wp\/v2\/pages\/1496\/revisions\/1499"}],"wp:attachment":[{"href":"https:\/\/chaletsdiane.com\/fr\/wp-json\/wp\/v2\/media?parent=1496"}],"curies":[{"name":"wp","href":"https:\/\/api.w.org\/{rel}","templated":true}]}}