{"id":1482,"date":"2019-09-29T05:30:47","date_gmt":"2019-09-29T05:30:47","guid":{"rendered":"https:\/\/chaletsdiane.com\/accueil\/"},"modified":"2025-03-31T18:01:31","modified_gmt":"2025-03-31T18:01:31","slug":"accueil","status":"publish","type":"page","link":"https:\/\/chaletsdiane.com\/fr\/","title":{"rendered":"Accueil"},"content":{"rendered":"\n\t<section class=\"slick-slider slick-slider-1484\" role=\"banner\" itemscope itemtype=\"http:\/\/schema.org\/ImageGallery\">\n\n\t\t\n\t\t\n\t\t\t\n\t\t\t<figure class=\"slick-slide slick-slide-1\" itemprop=\"associatedMedia\" itemscope itemtype=\"http:\/\/schema.org\/ImageObject\">\n\n\t\t\t\t\n\t\t\t\t<img width=\"1280\" height=\"720\" src=\"https:\/\/chaletsdiane.com\/wp-content\/uploads\/2022\/04\/slider-1.jpg\" class=\"slick-image\" alt=\"\" loading=\"lazy\" itemprop=\"image\" srcset=\"https:\/\/chaletsdiane.com\/wp-content\/uploads\/2022\/04\/slider-1.jpg 1280w, https:\/\/chaletsdiane.com\/wp-content\/uploads\/2022\/04\/slider-1-300x169.jpg 300w, https:\/\/chaletsdiane.com\/wp-content\/uploads\/2022\/04\/slider-1-1024x576.jpg 1024w, https:\/\/chaletsdiane.com\/wp-content\/uploads\/2022\/04\/slider-1-768x432.jpg 768w\" sizes=\"(max-width: 1280px) 100vw, 1280px\" \/>\n\t\t\t\t<div class=\"slick-overlay\"><\/div>\n\n\t\t\t\t\n\t\t\t\t<div class=\"slick-wrap\">\n\n\t\t\t\t\t\n\t\t\t\t\t<div class=\"slick-content\" itemprop=\"description\">\n\n\t\t\t\t\t\t<p style=\"text-align: center;font-family: Roboto;font-size: 50px\">Tu aimes la p\u00eache ?<\/p>\n\n\t\t\t\t\t<\/div>\n\n\t\t\t\t\t\n\t\t\t\t<\/div>\n\n\t\t\t\t\n\t\t\t<\/figure>\n\n\t\t\t\n\t\t\n\t\t\t\n\t\t\t<figure class=\"slick-slide slick-slide-2\" itemprop=\"associatedMedia\" itemscope itemtype=\"http:\/\/schema.org\/ImageObject\">\n\n\t\t\t\t\n\t\t\t\t<img width=\"1059\" height=\"720\" src=\"https:\/\/chaletsdiane.com\/wp-content\/uploads\/2019\/10\/Moose-3-1059x720.jpg\" class=\"slick-image\" alt=\"\" loading=\"lazy\" itemprop=\"image\" \/>\n\t\t\t\t<div class=\"slick-overlay\"><\/div>\n\n\t\t\t\t\n\t\t\t\t<div class=\"slick-wrap\">\n\n\t\t\t\t\t\n\t\t\t\t\t<div class=\"slick-content\" itemprop=\"description\">\n\n\t\t\t\t\t\t<p style=\"text-align: center;font-family: Roboto;font-size: 50px\">Nous vous offrons l\u2019acc\u00e8s \u00e0 plus de 2000 km de terres publiques.<\/p>\n\n\t\t\t\t\t<\/div>\n\n\t\t\t\t\t\n\t\t\t\t<\/div>\n\n\t\t\t\t\n\t\t\t<\/figure>\n\n\t\t\t\n\t\t\n\t\t\t\n\t\t\t<figure class=\"slick-slide slick-slide-3\" itemprop=\"associatedMedia\" itemscope itemtype=\"http:\/\/schema.org\/ImageObject\">\n\n\t\t\t\t\n\t\t\t\t<img width=\"1280\" height=\"720\" src=\"https:\/\/chaletsdiane.com\/wp-content\/uploads\/2019\/10\/Cottage-1-view-Copy-1280x720.jpg\" class=\"slick-image\" alt=\"\" loading=\"lazy\" itemprop=\"image\" \/>\n\t\t\t\t<div class=\"slick-overlay\"><\/div>\n\n\t\t\t\t\n\t\t\t\t<div class=\"slick-wrap\">\n\n\t\t\t\t\t\n\t\t\t\t\t<div class=\"slick-content\" itemprop=\"description\">\n\n\t\t\t\t\t\t<p style=\"text-align: center;font-family: Roboto;font-size: 50px\">Des vues spectaculaires vous attendent.<\/p>\n\n\t\t\t\t\t<\/div>\n\n\t\t\t\t\t\n\t\t\t\t<\/div>\n\n\t\t\t\t\n\t\t\t<\/figure>\n\n\t\t\t\n\t\t\n\t\t\t\n\t\t\t<figure class=\"slick-slide slick-slide-4\" itemprop=\"associatedMedia\" itemscope itemtype=\"http:\/\/schema.org\/ImageObject\">\n\n\t\t\t\t\n\t\t\t\t<img width=\"1280\" height=\"720\" src=\"https:\/\/chaletsdiane.com\/wp-content\/uploads\/2019\/10\/Cottage-2-edit-1280x720.jpg\" class=\"slick-image\" alt=\"\" loading=\"lazy\" itemprop=\"image\" \/>\n\t\t\t\t<div class=\"slick-overlay\"><\/div>\n\n\t\t\t\t\n\t\t\t\t<div class=\"slick-wrap\">\n\n\t\t\t\t\t\n\t\t\t\t\t<div class=\"slick-content\" itemprop=\"description\">\n\n\t\t\t\t\t\t<p style=\"text-align: center;font-family: Roboto;font-size: 50px\">Des chalets parfaits disponibles pour tout le monde.<\/p>\n\n\t\t\t\t\t<\/div>\n\n\t\t\t\t\t\n\t\t\t\t<\/div>\n\n\t\t\t\t\n\t\t\t<\/figure>\n\n\t\t\t\n\t\t\n\t<\/section>\n\n\t\n\n\n\n<div class=\"wp-block-atomic-blocks-ab-columns ab-layout-columns-1 one-column\" style=\"padding-top:5%;padding-right:5%;padding-left:5%\"><div class=\"ab-layout-column-wrap ab-block-layout-column-gap-2 ab-is-responsive-column\">\n<div class=\"wp-block-atomic-blocks-ab-column ab-block-layout-column\"><div class=\"ab-block-layout-column-inner\">\n<p class=\"has-text-align-center has-text-color\" style=\"color:#739443;font-size:30px\"><em>Une magnifique destination de chasse, p\u00eache et vacances \u00e0 couper le souffle \u00e0 laniel, qu\u00e9bec<\/em><\/p>\n<\/div><\/div>\n<\/div><\/div>\n\n\n\n<div class=\"wp-block-atomic-blocks-ab-columns ab-layout-columns-2 ab-2-col-equal\" style=\"padding-top:2%;padding-right:15%;padding-bottom:5%;padding-left:15%\"><div class=\"ab-layout-column-wrap ab-block-layout-column-gap-4 ab-is-responsive-column\">\n<div class=\"wp-block-atomic-blocks-ab-column ab-block-layout-column\"><div class=\"ab-block-layout-column-inner\">\n<p>Nous sommes la 5e g\u00e9n\u00e9ration d&rsquo;pourvoyeurs exp\u00e9riment\u00e9s, et nos guides de chasse et de p\u00eache sont les meilleurs de la r\u00e9gion.<\/p>\n\n\n\n<p>Nous sommes le choix num\u00e9ro un des pourvoyeurs de la r\u00e9gion, vous offrant un acc\u00e8s \u00e0 plus de 2000 km de rivage de terres publiques entourant 1000 \u00eeles.<\/p>\n\n\n\n<p>Chalets Diane poss\u00e8de 4 chalets nich\u00e9s parmi les arbres et suffisamment espac\u00e9s pour assurer votre intimit\u00e9. Nos magnifiques chalets peuvent accueillir de 2 \u00e0 8 personnes, avec des chambres simples ou doubles. Chaque chalet dispose aussi de toutes les commodit\u00e9s int\u00e9rieures, incluant l\u2019eau chaude et froide, ainsi que son propre quai, une table de pique-nique, un barbecue et un foyer ext\u00e9rieur.<\/p>\n\n\n\n<p>Chalets Diane offre des kilom\u00e8tres de sentiers de marche o\u00f9 l\u2019on peut observer une faune abondante. Nous avons aussi deux \u00eeles id\u00e9ales pour pique-niquer ou se baigner dans un lac \u00e0 l\u2019eau cristalline. Les \u00eeles sont \u00e9quip\u00e9es de tables de pique-nique et de toilettes pour rendre votre s\u00e9jour encore plus agr\u00e9able.<\/p>\n\n\n\n<p>Que vous soyez ici pour la p\u00eache, la chasse ou simplement pour des vacances, nous ferons tout notre possible pour que votre s\u00e9jour soit une r\u00e9ussite et que vous en gardiez des souvenirs inoubliables.<\/p>\n<\/div><\/div>\n\n\n\n<div class=\"wp-block-atomic-blocks-ab-column ab-block-layout-column\"><div class=\"ab-block-layout-column-inner\">\n<div class=\"wp-block-image\"><figure class=\"aligncenter is-resized\"><img loading=\"lazy\" src=\"https:\/\/chaletsdiane.com\/wp-content\/uploads\/2019\/10\/chalet-sitelogo2.svg\" alt=\"\" class=\"wp-image-33\" width=\"394\" height=\"408\"\/><\/figure><\/div>\n\n\n\n<p class=\"has-text-align-center has-text-color has-medium-font-size\" style=\"color:#739443\"><strong>Chasse, p\u00eache, location de chalets <\/strong><br><strong>&amp; Good Times<\/strong><\/p>\n<\/div><\/div>\n<\/div><\/div>\n","protected":false},"excerpt":{"rendered":"","protected":false},"author":1,"featured_media":0,"parent":0,"menu_order":0,"comment_status":"closed","ping_status":"closed","template":"builder.php","meta":{"_genesis_hide_title":false,"_genesis_hide_breadcrumbs":false,"_genesis_hide_singular_image":false,"_genesis_hide_footer_widgets":false,"_genesis_custom_body_class":"","_genesis_custom_post_class":"","_genesis_layout":""},"featured_image_src":null,"featured_image_src_square":null,"_links":{"self":[{"href":"https:\/\/chaletsdiane.com\/fr\/wp-json\/wp\/v2\/pages\/1482"}],"collection":[{"href":"https:\/\/chaletsdiane.com\/fr\/wp-json\/wp\/v2\/pages"}],"about":[{"href":"https:\/\/chaletsdiane.com\/fr\/wp-json\/wp\/v2\/types\/page"}],"author":[{"embeddable":true,"href":"https:\/\/chaletsdiane.com\/fr\/wp-json\/wp\/v2\/users\/1"}],"replies":[{"embeddable":true,"href":"https:\/\/chaletsdiane.com\/fr\/wp-json\/wp\/v2\/comments?post=1482"}],"version-history":[{"count":2,"href":"https:\/\/chaletsdiane.com\/fr\/wp-json\/wp\/v2\/pages\/1482\/revisions"}],"predecessor-version":[{"id":1485,"href":"https:\/\/chaletsdiane.com\/fr\/wp-json\/wp\/v2\/pages\/1482\/revisions\/1485"}],"wp:attachment":[{"href":"https:\/\/chaletsdiane.com\/fr\/wp-json\/wp\/v2\/media?parent=1482"}],"curies":[{"name":"wp","href":"https:\/\/api.w.org\/{rel}","templated":true}]}}